{"id":105,"date":"2018-06-26T11:29:36","date_gmt":"2018-06-26T14:29:36","guid":{"rendered":"http:\/\/www.odemocrata.com.br\/edicaodigital\/?page_id=105"},"modified":"2022-08-09T16:31:29","modified_gmt":"2022-08-09T19:31:29","slug":"arquivo-edicoes-digitais","status":"publish","type":"page","link":"https:\/\/www.odemocrata.com.br\/edicaodigital\/arquivo-edicoes-digitais\/","title":{"rendered":"Arquivo Edi\u00e7\u00f5es Digitais"},"content":{"rendered":"<div class=\"pmpro\">\n<div class=\"pmpro_card pmpro_content_message\">\n<div class=\"pmpro_card_content\">Este conte\u00fado \u00e9 apenas para assinantes. Fa\u00e7a sua Assinatura Digital.<br \/><a href=\"http:\/\/www.odemocrata.com.br\/edicaodigital\/assinaturas\/\">Assinar<\/a><\/div>\n<div class=\"pmpro_card_actions pmpro_font-medium\">J\u00e1 se associou? <a href=\"https:\/\/www.odemocrata.com.br\/edicaodigital\/wp-login.php?redirect_to=https%3A%2F%2Fwww.odemocrata.com.br%2Fedicaodigital%2Farquivo-edicoes-digitais%2F\">Acesse aqui<\/a><\/div>\n<\/div>\n<\/div>\n","protected":false},"excerpt":{"rendered":"<div class=\"pmpro\"><div class=\"pmpro_card pmpro_content_message\"><div class=\"pmpro_card_content\">Este conte\u00fado \u00e9 apenas para assinantes. Fa\u00e7a sua Assinatura Digital.<br \/><a href=\"http:\/\/www.odemocrata.com.br\/edicaodigital\/assinaturas\/\">Assinar<\/a><\/div><div class=\"pmpro_card_actions pmpro_font-medium\">J\u00e1 se associou? <a href=\"https:\/\/www.odemocrata.com.br\/edicaodigital\/wp-login.php?redirect_to=https%3A%2F%2Fwww.odemocrata.com.br%2Fedicaodigital%2Farquivo-edicoes-digitais%2F\">Acesse aqui<\/a><\/div><\/div><\/div>","protected":false},"author":10,"featured_media":0,"parent":0,"menu_order":0,"comment_status":"closed","ping_status":"closed","template":"","meta":{"_acf_changed":false,"pmpro_default_level":"","footnotes":""},"class_list":["post-105","page","type-page","status-publish","hentry","pmpro-level-required","pmpro-level-1","pmpro-no-access"],"acf":[],"jetpack_shortlink":"https:\/\/wp.me\/P9RkSS-1H","jetpack_sharing_enabled":true,"_links":{"self":[{"href":"https:\/\/www.odemocrata.com.br\/edicaodigital\/wp-json\/wp\/v2\/pages\/105","targetHints":{"allow":["GET"]}}],"collection":[{"href":"https:\/\/www.odemocrata.com.br\/edicaodigital\/wp-json\/wp\/v2\/pages"}],"about":[{"href":"https:\/\/www.odemocrata.com.br\/edicaodigital\/wp-json\/wp\/v2\/types\/page"}],"author":[{"embeddable":true,"href":"https:\/\/www.odemocrata.com.br\/edicaodigital\/wp-json\/wp\/v2\/users\/10"}],"replies":[{"embeddable":true,"href":"https:\/\/www.odemocrata.com.br\/edicaodigital\/wp-json\/wp\/v2\/comments?post=105"}],"version-history":[{"count":3,"href":"https:\/\/www.odemocrata.com.br\/edicaodigital\/wp-json\/wp\/v2\/pages\/105\/revisions"}],"predecessor-version":[{"id":1817,"href":"https:\/\/www.odemocrata.com.br\/edicaodigital\/wp-json\/wp\/v2\/pages\/105\/revisions\/1817"}],"wp:attachment":[{"href":"https:\/\/www.odemocrata.com.br\/edicaodigital\/wp-json\/wp\/v2\/media?parent=105"}],"curies":[{"name":"wp","href":"https:\/\/api.w.org\/{rel}","templated":true}]}}